{"id":2,"date":"2010-01-18T17:34:15","date_gmt":"2010-01-18T19:34:15","guid":{"rendered":"http:\/\/www.espanaaqui.com.br\/rincondelfutbolero\/?page_id=2"},"modified":"2018-02-11T11:21:21","modified_gmt":"2018-02-11T13:21:21","slug":"sobre","status":"publish","type":"page","link":"https:\/\/www.espanaaqui.com.br\/solofutbol\/sobre\/","title":{"rendered":"Espa\u00f1a Aqu\u00ed"},"content":{"rendered":"<p>Espa\u00f1a Aqu\u00ed \u00e9 uma <a href=\"http:\/\/www.espanaaqui.com.br\/index.php\">Escola de Idiomas<\/a> no Brasil especializada no ensino de Espanhol no Brasil que fornece cursos Presenciais, Online e Blended.<\/p>\n<p>\u00c9 certificadora do SIELE e do DIE e desenvolveu o m\u00e9todo Vamos espec\u00edfico para brasileiros.<\/p>\n<p><strong>Solo F\u00fatbol<\/strong><\/p>\n<p>O futebol e a cultura, a atualidade,\u00a0 fatores pol\u00edticos e sociais que envolvem o maior esporte do mundo, os grandes clubes, os menores, as caracter\u00edsticas do futebol brasileiro em compara\u00e7\u00e3o ao espanhol, tudo em um ambiente descontra\u00eddo e ao mesmo tempo entusiasmante.<\/p>\n<p>Este blog pretende que voc\u00ea, aluno, estudante de espanhol ou algu\u00e9m que ama a l\u00edngua espanhola, tenha oportunidade de conversar com a gente em espanhol, deixar seus coment\u00e1rios, praticar o idioma e crescer junto conosco e outros colegas que amam o esporte rei.<\/p>\n<p>&nbsp;<\/p>\n","protected":false},"excerpt":{"rendered":"<p>Espa\u00f1a Aqu\u00ed \u00e9 uma Escola de Idiomas no Brasil especializada no ensino de Espanhol no Brasil que fornece cursos Presenciais, Online e Blended. \u00c9 certificadora do SIELE e do DIE e desenvolveu o m\u00e9todo Vamos espec\u00edfico para brasileiros. Solo F\u00fatbol O futebol e a cultura, a atualidade,\u00a0 fatores pol\u00edticos e sociais que envolvem o maior &hellip; <\/p>\n<p class=\"link-more\"><a href=\"https:\/\/www.espanaaqui.com.br\/solofutbol\/sobre\/\" class=\"more-link\">Continue lendo<span class=\"screen-reader-text\"> &#8220;Espa\u00f1a Aqu\u00ed&#8221;<\/span><\/a><\/p>\n","protected":false},"author":1,"featured_media":0,"parent":0,"menu_order":0,"comment_status":"closed","ping_status":"open","template":"","meta":{"footnotes":""},"class_list":["post-2","page","type-page","status-publish","hentry","entry"],"_links":{"self":[{"href":"https:\/\/www.espanaaqui.com.br\/solofutbol\/wp-json\/wp\/v2\/pages\/2","targetHints":{"allow":["GET"]}}],"collection":[{"href":"https:\/\/www.espanaaqui.com.br\/solofutbol\/wp-json\/wp\/v2\/pages"}],"about":[{"href":"https:\/\/www.espanaaqui.com.br\/solofutbol\/wp-json\/wp\/v2\/types\/page"}],"author":[{"embeddable":true,"href":"https:\/\/www.espanaaqui.com.br\/solofutbol\/wp-json\/wp\/v2\/users\/1"}],"replies":[{"embeddable":true,"href":"https:\/\/www.espanaaqui.com.br\/solofutbol\/wp-json\/wp\/v2\/comments?post=2"}],"version-history":[{"count":10,"href":"https:\/\/www.espanaaqui.com.br\/solofutbol\/wp-json\/wp\/v2\/pages\/2\/revisions"}],"predecessor-version":[{"id":1152,"href":"https:\/\/www.espanaaqui.com.br\/solofutbol\/wp-json\/wp\/v2\/pages\/2\/revisions\/1152"}],"wp:attachment":[{"href":"https:\/\/www.espanaaqui.com.br\/solofutbol\/wp-json\/wp\/v2\/media?parent=2"}],"curies":[{"name":"wp","href":"https:\/\/api.w.org\/{rel}","templated":true}]}}