{"id":1465,"date":"2018-06-09T17:46:36","date_gmt":"2018-06-09T19:46:36","guid":{"rendered":"http:\/\/www.espanaaqui.com.br\/rincondelasbuenas\/?page_id=1465"},"modified":"2018-06-09T17:46:36","modified_gmt":"2018-06-09T19:46:36","slug":"os-cursos-presenciais-de-espanhol","status":"publish","type":"page","link":"https:\/\/www.espanaaqui.com.br\/rincondelasbuenas\/os-cursos-presenciais-de-espanhol\/","title":{"rendered":"Os Cursos Presenciais de Espanhol"},"content":{"rendered":"<p>Se voc\u00ea \u00e9 de S\u00e3o Paulo, voc\u00ea pode estudar com a gente na nossa escola situada na Rua dos Pinheiros 334.<\/p>\n<p>Os cursos t\u00eam aproximadamente uma dura\u00e7\u00e3o de 4 meses e o n\u00famero m\u00e1ximo de alunos \u00e9 de 8.<\/p>\n<p>Todos os nossos professores s\u00e3o nativos e formados na metodologia da Espa\u00f1a Aqu\u00ed e seu m\u00e9todo Vamos.<\/p>\n<p>Veja aqui\u00a0<a href=\"http:\/\/www.espanaaqui.com.br\/noticias-detalhe.php?id=2263\">mais informa\u00e7\u00f5es<\/a>\u00a0de cursos come\u00e7ando este m\u00eas, voc\u00ea est\u00e1 convidadissimo para participar de uma\u00a0<a href=\"http:\/\/www.espanaaqui.com.br\/noticias-detalhe.php?id=2433\">Aula Experimental Cont\u00ednua<\/a>\u00a0e assim cohecer a nossa metodologia, professores o nosso atendimento.<\/p>\n","protected":false},"excerpt":{"rendered":"<p>Se voc\u00ea \u00e9 de S\u00e3o Paulo, voc\u00ea pode estudar com a gente na nossa escola situada na Rua dos Pinheiros 334. Os cursos t\u00eam aproximadamente uma dura\u00e7\u00e3o de 4 meses e o n\u00famero m\u00e1ximo de alunos \u00e9 de 8. Todos os nossos professores s\u00e3o nativos e formados na metodologia da Espa\u00f1a Aqu\u00ed e seu m\u00e9todo &hellip; <\/p>\n<p class=\"link-more\"><a href=\"https:\/\/www.espanaaqui.com.br\/rincondelasbuenas\/os-cursos-presenciais-de-espanhol\/\" class=\"more-link\">Continue lendo<span class=\"screen-reader-text\"> &#8220;Os Cursos Presenciais de Espanhol&#8221;<\/span><\/a><\/p>\n","protected":false},"author":3,"featured_media":0,"parent":0,"menu_order":0,"comment_status":"closed","ping_status":"closed","template":"","meta":{"footnotes":""},"class_list":["post-1465","page","type-page","status-publish","hentry","entry"],"_links":{"self":[{"href":"https:\/\/www.espanaaqui.com.br\/rincondelasbuenas\/wp-json\/wp\/v2\/pages\/1465","targetHints":{"allow":["GET"]}}],"collection":[{"href":"https:\/\/www.espanaaqui.com.br\/rincondelasbuenas\/wp-json\/wp\/v2\/pages"}],"about":[{"href":"https:\/\/www.espanaaqui.com.br\/rincondelasbuenas\/wp-json\/wp\/v2\/types\/page"}],"author":[{"embeddable":true,"href":"https:\/\/www.espanaaqui.com.br\/rincondelasbuenas\/wp-json\/wp\/v2\/users\/3"}],"replies":[{"embeddable":true,"href":"https:\/\/www.espanaaqui.com.br\/rincondelasbuenas\/wp-json\/wp\/v2\/comments?post=1465"}],"version-history":[{"count":1,"href":"https:\/\/www.espanaaqui.com.br\/rincondelasbuenas\/wp-json\/wp\/v2\/pages\/1465\/revisions"}],"predecessor-version":[{"id":1466,"href":"https:\/\/www.espanaaqui.com.br\/rincondelasbuenas\/wp-json\/wp\/v2\/pages\/1465\/revisions\/1466"}],"wp:attachment":[{"href":"https:\/\/www.espanaaqui.com.br\/rincondelasbuenas\/wp-json\/wp\/v2\/media?parent=1465"}],"curies":[{"name":"wp","href":"https:\/\/api.w.org\/{rel}","templated":true}]}}