{"id":1461,"date":"2018-06-09T17:45:14","date_gmt":"2018-06-09T19:45:14","guid":{"rendered":"http:\/\/www.espanaaqui.com.br\/rincondelasbuenas\/?page_id=1461"},"modified":"2018-06-09T17:45:14","modified_gmt":"2018-06-09T19:45:14","slug":"prova-de-nivel-online","status":"publish","type":"page","link":"https:\/\/www.espanaaqui.com.br\/rincondelasbuenas\/prova-de-nivel-online\/","title":{"rendered":"Prova de N\u00edvel Online"},"content":{"rendered":"<p>Se voc\u00ea est\u00e1 pensando em estudar espanhol, veja qual \u00e9 o seu n\u00edvel acessando a nossa\u00a0<a href=\"http:\/\/www.espanaaqui.com.br\/prova-de-nivel-cadastro.php\">Prova Online<\/a>.\u00a0 Posteriormente vamos ligar para voc\u00ea, manter uma breve conversa em espanhol e definir exatamente en que est\u00e1gio de desenvolvimento voc\u00ea se encontra.<\/p>\n<p>Fique tranquilo, isto n\u00e3o lhe obriga a nada, \u00e9 totalmente gratuito e al\u00e9m do mais, vamos lhe convidar a uma\u00a0<a href=\"http:\/\/www.espanaaqui.com.br\/noticias-detalhe.php?id=2433\">Aula Experimental Cont\u00ednua<\/a>\u00a0para que nos conhe\u00e7a melhor.<\/p>\n<p>Boa sorte,<\/p>\n<p>Equipe da Espa\u00f1a Aqu\u00ed<\/p>\n","protected":false},"excerpt":{"rendered":"<p>Se voc\u00ea est\u00e1 pensando em estudar espanhol, veja qual \u00e9 o seu n\u00edvel acessando a nossa\u00a0Prova Online.\u00a0 Posteriormente vamos ligar para voc\u00ea, manter uma breve conversa em espanhol e definir exatamente en que est\u00e1gio de desenvolvimento voc\u00ea se encontra. Fique tranquilo, isto n\u00e3o lhe obriga a nada, \u00e9 totalmente gratuito e al\u00e9m do mais, vamos &hellip; <\/p>\n<p class=\"link-more\"><a href=\"https:\/\/www.espanaaqui.com.br\/rincondelasbuenas\/prova-de-nivel-online\/\" class=\"more-link\">Continue lendo<span class=\"screen-reader-text\"> &#8220;Prova de N\u00edvel Online&#8221;<\/span><\/a><\/p>\n","protected":false},"author":3,"featured_media":0,"parent":0,"menu_order":0,"comment_status":"closed","ping_status":"closed","template":"","meta":{"footnotes":""},"class_list":["post-1461","page","type-page","status-publish","hentry","entry"],"_links":{"self":[{"href":"https:\/\/www.espanaaqui.com.br\/rincondelasbuenas\/wp-json\/wp\/v2\/pages\/1461","targetHints":{"allow":["GET"]}}],"collection":[{"href":"https:\/\/www.espanaaqui.com.br\/rincondelasbuenas\/wp-json\/wp\/v2\/pages"}],"about":[{"href":"https:\/\/www.espanaaqui.com.br\/rincondelasbuenas\/wp-json\/wp\/v2\/types\/page"}],"author":[{"embeddable":true,"href":"https:\/\/www.espanaaqui.com.br\/rincondelasbuenas\/wp-json\/wp\/v2\/users\/3"}],"replies":[{"embeddable":true,"href":"https:\/\/www.espanaaqui.com.br\/rincondelasbuenas\/wp-json\/wp\/v2\/comments?post=1461"}],"version-history":[{"count":1,"href":"https:\/\/www.espanaaqui.com.br\/rincondelasbuenas\/wp-json\/wp\/v2\/pages\/1461\/revisions"}],"predecessor-version":[{"id":1462,"href":"https:\/\/www.espanaaqui.com.br\/rincondelasbuenas\/wp-json\/wp\/v2\/pages\/1461\/revisions\/1462"}],"wp:attachment":[{"href":"https:\/\/www.espanaaqui.com.br\/rincondelasbuenas\/wp-json\/wp\/v2\/media?parent=1461"}],"curies":[{"name":"wp","href":"https:\/\/api.w.org\/{rel}","templated":true}]}}