{"id":752,"date":"2020-09-20T08:57:52","date_gmt":"2020-09-20T10:57:52","guid":{"rendered":"http:\/\/www.espanaaqui.com.br\/rincondelacultura\/?page_id=752"},"modified":"2020-09-20T09:13:48","modified_gmt":"2020-09-20T11:13:48","slug":"os-nossos-cursos-de-espanhol","status":"publish","type":"page","link":"https:\/\/www.espanaaqui.com.br\/rincondelacultura\/os-nossos-cursos-de-espanhol\/","title":{"rendered":"Os nossos cursos de espanhol"},"content":{"rendered":"\n<p><strong>Espa\u00f1aAqu\u00ed\u00a0<\/strong>\u00e9 uma escola de idiomas para adultos localizada na cidade de S\u00e3o Paulo.\u00a0\u00a0Foi fundada em 2006 e suas origens s\u00e3o as aulas In Company para executivos.\u00a0Depois de um tempo a Espa\u00f1aAqu\u00ed decidiu elaborar seu pr\u00f3prio material did\u00e1tico exclusivo para o p\u00fablico brasileiro, valorizando a an\u00e1lise contrastiva espanhol-portugu\u00eas.\u00a0<\/p>\n\n\n\n<p>www.espanaaqui.com.br<\/p>\n","protected":false},"excerpt":{"rendered":"<p>Espa\u00f1aAqu\u00ed\u00a0\u00e9 uma escola de idiomas para adultos localizada na cidade de S\u00e3o Paulo.\u00a0\u00a0Foi fundada em 2006 e suas origens s\u00e3o as aulas In Company para executivos.\u00a0Depois de um tempo a Espa\u00f1aAqu\u00ed decidiu elaborar seu pr\u00f3prio material did\u00e1tico exclusivo para o p\u00fablico brasileiro, valorizando a an\u00e1lise contrastiva espanhol-portugu\u00eas.\u00a0 www.espanaaqui.com.br<\/p>\n","protected":false},"author":3,"featured_media":0,"parent":0,"menu_order":0,"comment_status":"closed","ping_status":"closed","template":"","meta":{"footnotes":""},"class_list":["post-752","page","type-page","status-publish","hentry","entry"],"_links":{"self":[{"href":"https:\/\/www.espanaaqui.com.br\/rincondelacultura\/wp-json\/wp\/v2\/pages\/752","targetHints":{"allow":["GET"]}}],"collection":[{"href":"https:\/\/www.espanaaqui.com.br\/rincondelacultura\/wp-json\/wp\/v2\/pages"}],"about":[{"href":"https:\/\/www.espanaaqui.com.br\/rincondelacultura\/wp-json\/wp\/v2\/types\/page"}],"author":[{"embeddable":true,"href":"https:\/\/www.espanaaqui.com.br\/rincondelacultura\/wp-json\/wp\/v2\/users\/3"}],"replies":[{"embeddable":true,"href":"https:\/\/www.espanaaqui.com.br\/rincondelacultura\/wp-json\/wp\/v2\/comments?post=752"}],"version-history":[{"count":2,"href":"https:\/\/www.espanaaqui.com.br\/rincondelacultura\/wp-json\/wp\/v2\/pages\/752\/revisions"}],"predecessor-version":[{"id":769,"href":"https:\/\/www.espanaaqui.com.br\/rincondelacultura\/wp-json\/wp\/v2\/pages\/752\/revisions\/769"}],"wp:attachment":[{"href":"https:\/\/www.espanaaqui.com.br\/rincondelacultura\/wp-json\/wp\/v2\/media?parent=752"}],"curies":[{"name":"wp","href":"https:\/\/api.w.org\/{rel}","templated":true}]}}