{"id":2,"date":"2010-01-12T13:06:19","date_gmt":"2010-01-12T15:06:19","guid":{"rendered":"http:\/\/www.espanaaqui.com.br\/rincondelacultura\/?page_id=2"},"modified":"2020-09-20T09:15:09","modified_gmt":"2020-09-20T11:15:09","slug":"sobre","status":"publish","type":"page","link":"https:\/\/www.espanaaqui.com.br\/rincondelacultura\/sobre\/","title":{"rendered":"Sobre"},"content":{"rendered":"<p>Un blog de cultura viva, cine, m\u00fasica, arte, fotograf\u00eda y otras cositas m\u00e1s&#8230;<\/p>\n","protected":false},"excerpt":{"rendered":"<p>Un blog de cultura viva, cine, m\u00fasica, arte, fotograf\u00eda y otras cositas m\u00e1s&#8230;<\/p>\n","protected":false},"author":1,"featured_media":0,"parent":0,"menu_order":0,"comment_status":"open","ping_status":"open","template":"","meta":{"footnotes":""},"class_list":["post-2","page","type-page","status-publish","hentry","entry"],"_links":{"self":[{"href":"https:\/\/www.espanaaqui.com.br\/rincondelacultura\/wp-json\/wp\/v2\/pages\/2","targetHints":{"allow":["GET"]}}],"collection":[{"href":"https:\/\/www.espanaaqui.com.br\/rincondelacultura\/wp-json\/wp\/v2\/pages"}],"about":[{"href":"https:\/\/www.espanaaqui.com.br\/rincondelacultura\/wp-json\/wp\/v2\/types\/page"}],"author":[{"embeddable":true,"href":"https:\/\/www.espanaaqui.com.br\/rincondelacultura\/wp-json\/wp\/v2\/users\/1"}],"replies":[{"embeddable":true,"href":"https:\/\/www.espanaaqui.com.br\/rincondelacultura\/wp-json\/wp\/v2\/comments?post=2"}],"version-history":[{"count":6,"href":"https:\/\/www.espanaaqui.com.br\/rincondelacultura\/wp-json\/wp\/v2\/pages\/2\/revisions"}],"predecessor-version":[{"id":770,"href":"https:\/\/www.espanaaqui.com.br\/rincondelacultura\/wp-json\/wp\/v2\/pages\/2\/revisions\/770"}],"wp:attachment":[{"href":"https:\/\/www.espanaaqui.com.br\/rincondelacultura\/wp-json\/wp\/v2\/media?parent=2"}],"curies":[{"name":"wp","href":"https:\/\/api.w.org\/{rel}","templated":true}]}}