{"id":188,"date":"2018-02-12T21:44:43","date_gmt":"2018-02-12T21:44:43","guid":{"rendered":"http:\/\/www.espanaaqui.com.br\/meusalunoseeu\/?page_id=188"},"modified":"2018-02-12T21:45:02","modified_gmt":"2018-02-12T21:45:02","slug":"espana-aqui","status":"publish","type":"page","link":"https:\/\/www.espanaaqui.com.br\/espanholemsaopaulo\/espana-aqui\/","title":{"rendered":"Espa\u00f1a Aqu\u00ed"},"content":{"rendered":"<p>Espa\u00f1a Aqu\u00ed \u00e9 uma\u00a0<a href=\"http:\/\/www.espanaaqui.com.br\/index.php\">Escola de Idiomas<\/a>\u00a0no Brasil especializada no ensino de Espanhol no Brasil que fornece cursos Presenciais, Online e Blended.<\/p>\n<p>\u00c9 certificadora do\u00a0<a href=\"http:\/\/www.espanaaqui.com.br\/noticias-detalhe.php?id=2265\">SIELE e do DIE<\/a>\u00a0e desenvolveu o m\u00e9todo Vamos espec\u00edfico para brasileiros.<\/p>\n<p><strong>Espanhol em S\u00e3o Paulo<\/strong><\/p>\n<p>Um espa\u00e7o para compartilhar as nossas experi\u00eancias como professores e tamb\u00e9m mostrar para o aluno o que tem do outro lado desta maravilhosa hist\u00f3ria que \u00e9 o ensino de espanhol como l\u00edngua estrangeira no Brasil.<\/p>\n","protected":false},"excerpt":{"rendered":"<p>Espa\u00f1a Aqu\u00ed \u00e9 uma\u00a0Escola de Idiomas\u00a0no Brasil especializada no ensino de Espanhol no Brasil que fornece cursos Presenciais, Online e&hellip; <a class=\"read-more\" href=\"https:\/\/www.espanaaqui.com.br\/espanholemsaopaulo\/espana-aqui\/\">Leia mais <span class=\"screen-reader-text\">Espa\u00f1a Aqu\u00ed<\/span><\/a><\/p>\n","protected":false},"author":2,"featured_media":0,"parent":0,"menu_order":0,"comment_status":"closed","ping_status":"closed","template":"","meta":{"footnotes":""},"class_list":["post-188","page","type-page","status-publish","hentry"],"_links":{"self":[{"href":"https:\/\/www.espanaaqui.com.br\/espanholemsaopaulo\/wp-json\/wp\/v2\/pages\/188","targetHints":{"allow":["GET"]}}],"collection":[{"href":"https:\/\/www.espanaaqui.com.br\/espanholemsaopaulo\/wp-json\/wp\/v2\/pages"}],"about":[{"href":"https:\/\/www.espanaaqui.com.br\/espanholemsaopaulo\/wp-json\/wp\/v2\/types\/page"}],"author":[{"embeddable":true,"href":"https:\/\/www.espanaaqui.com.br\/espanholemsaopaulo\/wp-json\/wp\/v2\/users\/2"}],"replies":[{"embeddable":true,"href":"https:\/\/www.espanaaqui.com.br\/espanholemsaopaulo\/wp-json\/wp\/v2\/comments?post=188"}],"version-history":[{"count":1,"href":"https:\/\/www.espanaaqui.com.br\/espanholemsaopaulo\/wp-json\/wp\/v2\/pages\/188\/revisions"}],"predecessor-version":[{"id":189,"href":"https:\/\/www.espanaaqui.com.br\/espanholemsaopaulo\/wp-json\/wp\/v2\/pages\/188\/revisions\/189"}],"wp:attachment":[{"href":"https:\/\/www.espanaaqui.com.br\/espanholemsaopaulo\/wp-json\/wp\/v2\/media?parent=188"}],"curies":[{"name":"wp","href":"https:\/\/api.w.org\/{rel}","templated":true}]}}